{"id":559,"date":"2025-02-07T09:52:52","date_gmt":"2025-02-07T08:52:52","guid":{"rendered":"https:\/\/bigliaconsulting.mailconversion.com\/?page_id=559"},"modified":"2025-02-07T12:19:30","modified_gmt":"2025-02-07T11:19:30","slug":"politica-de-privacidad","status":"publish","type":"page","link":"https:\/\/bigliaconsulting.com\/index.php\/politica-de-privacidad\/","title":{"rendered":"Pol\u00edtica de Privacidad"},"content":{"rendered":"\t\t<div data-elementor-type=\"wp-page\" data-elementor-id=\"559\" class=\"elementor elementor-559\" data-elementor-post-type=\"page\">\n\t\t\t\t\t\t\t<div class=\"elementor-element elementor-element-77a168a5 e-flex e-con-boxed e-con e-parent\" data-id=\"77a168a5\" data-element_type=\"container\" data-settings=\"{&quot;content_width&quot;:&quot;boxed&quot;}\" data-core-v316-plus=\"true\">\n\t\t\t\t\t<div class=\"e-con-inner\">\n\t\t\t\t<div class=\"elementor-element elementor-element-cb08ac1 elementor-widget elementor-widget-heading\" data-id=\"cb08ac1\" data-element_type=\"widget\" data-widget_type=\"heading.default\">\n\t\t\t\t<div class=\"elementor-widget-container\">\n\t\t\t<style>\/*! elementor - v3.18.0 - 06-12-2023 *\/\n.elementor-heading-title{padding:0;margin:0;line-height:1}.elementor-widget-heading .elementor-heading-title[class*=elementor-size-]>a{color:inherit;font-size:inherit;line-height:inherit}.elementor-widget-heading .elementor-heading-title.elementor-size-small{font-size:15px}.elementor-widget-heading .elementor-heading-title.elementor-size-medium{font-size:19px}.elementor-widget-heading .elementor-heading-title.elementor-size-large{font-size:29px}.elementor-widget-heading .elementor-heading-title.elementor-size-xl{font-size:39px}.elementor-widget-heading .elementor-heading-title.elementor-size-xxl{font-size:59px}<\/style><h2 class=\"elementor-heading-title elementor-size-default\">POL\u00cdTICA DE PRIVACIDAD<\/h2>\t\t<\/div>\n\t\t\t\t<\/div>\n\t\t\t\t<div class=\"elementor-element elementor-element-226f0cb7 elementor-widget elementor-widget-text-editor\" data-id=\"226f0cb7\" data-element_type=\"widget\" data-widget_type=\"text-editor.default\">\n\t\t\t\t<div class=\"elementor-widget-container\">\n\t\t\t<style>\/*! elementor - v3.18.0 - 06-12-2023 *\/\n.elementor-widget-text-editor.elementor-drop-cap-view-stacked .elementor-drop-cap{background-color:#69727d;color:#fff}.elementor-widget-text-editor.elementor-drop-cap-view-framed .elementor-drop-cap{color:#69727d;border:3px solid;background-color:transparent}.elementor-widget-text-editor:not(.elementor-drop-cap-view-default) .elementor-drop-cap{margin-top:8px}.elementor-widget-text-editor:not(.elementor-drop-cap-view-default) .elementor-drop-cap-letter{width:1em;height:1em}.elementor-widget-text-editor .elementor-drop-cap{float:left;text-align:center;line-height:1;font-size:50px}.elementor-widget-text-editor .elementor-drop-cap-letter{display:inline-block}<\/style>\t\t\t\t<p><!-- wp:heading --><\/p>\n<p>A efecto de lo previsto en la Ley Org\u00e1nica 15\/1999, de 13 de diciembre, de Protecci\u00f3n de Datos de Car\u00e1cter Personal, SILVANA CLAUDIA BIGLIA (X3773207B) informa al Usuario de la existencia de un fichero con datos de car\u00e1cter personal inscrito en el R.G.P.D. (Registro General de Protecci\u00f3n de Datos), creado con la finalidad de realizar la gesti\u00f3n de la Fundaci\u00f3n con los usuarios, corredores, seguidores y potenciales.<\/p>\n<h3><strong>ENVIO Y REGISTRO DE DATOS DE CAR\u00c1CTER PERSONAL<\/strong><\/h3>\n<p>El env\u00edo de datos de car\u00e1cter personal es obligatorio para contactar y recibir informaci\u00f3n sobre las actividades y servicios de SILVANA CLAUDIA BIGLIA.<\/p>\n<p>El no facilitar los datos personales solicitados o el no aceptar la presente pol\u00edtica de protecci\u00f3n de datos supone la imposibilidad de suscribirse, registrarse o recibir informaci\u00f3n de las actividades y servicios de SILVANA CLAUDIA BIGLIA.<\/p>\n<p>De acuerdo a lo establecido en la Ley Org\u00e1nica 15\/1999, de 13 de diciembre, de Protecci\u00f3n de Datos de Car\u00e1cter Personal, le informamos que los datos personales que se obtengan como consecuencia de su env\u00edo de datos personales, ser\u00e1n incorporados a un fichero titularidad de SILVANA CLAUDIA BIGLIA con <strong>domicilio <\/strong>en C\/Maia n77, Denia, Alicante 03700, teniendo implementadas todas las medidas de seguridad establecidas en el Real Decreto 1720\/2007.<\/p>\n<h3><strong>EXACTITUD Y VERACIDAD DE LOS DATOS FACILITADOS<\/strong><\/h3>\n<p>El Usuario que env\u00eda la informaci\u00f3n a SILVANA CLAUDIA BIGLIA es el \u00fanico responsable de la veracidad y correcci\u00f3n de los datos incluidos, exoner\u00e1ndose la SILVANA CLAUDIA BIGLIA de cualquier responsabilidad al respecto.<\/p>\n<p>Los usuarios garantizan y responden, en cualquier caso, de la exactitud, vigencia y autenticidad de los datos personales facilitados, y se comprometen a mantenerlos debidamente actualizados.<\/p>\n<p>El usuario acepta proporcionar informaci\u00f3n completa y correcta en el formulario de registro o suscripci\u00f3n.<\/p>\n<p><strong>SILVANA CLAUDIA BIGLIA<\/strong> no responde de la veracidad de las informaciones que no sean de elaboraci\u00f3n propia y de las que se indique otra fuente, por lo que tampoco asume responsabilidad alguna en cuanto a hipot\u00e9ticos perjuicios que pudieran originarse por el uso de dicha informaci\u00f3n.<\/p>\n<p>Se exonera a SILVANA CLAUDIA BIGLIA de responsabilidad ante cualquier da\u00f1o o perjuicio que pudiera sufrir el Usuario como consecuencia de errores, defectos u omisiones, en la informaci\u00f3n facilitada por SILVANA CLAUDIA BIGLIA siempre que proceda de fuentes ajenas a SILVANA CLAUDIA BIGLIA<strong>.<\/strong><\/p>\n<h3><strong>FINALIDADES<\/strong><\/h3>\n<p>Las finalidades de la recogida de datos son el desarrollo de actividades y prestaci\u00f3n de informaci\u00f3n sobre actividades de SILVANA CLAUDIA BIGLIA.<\/p>\n<h3><strong>CESI\u00d3N DE DATOS A TERCEROS<\/strong><\/h3>\n<p>SILVANA CLAUDIA BIGLIA no realizar\u00e1 cesi\u00f3n de los datos de los usuarios a terceros. No obstante, en el caso de ser cedidos a alguna empresa se producir\u00eda una informaci\u00f3n previa a la recogida solicitando el consentimiento expreso del afectado.<\/p>\n<h3><strong>EJERCICIO DE DERECHOS DE ACCESO, RECTIFICACI\u00d3N, CANCELACI\u00d3N Y OPOSICI\u00d3N<\/strong><\/h3>\n<p>Podr\u00e1 dirigir sus comunicaciones y ejercitar los derechos de acceso, rectificaci\u00f3n, cancelaci\u00f3n y oposici\u00f3n por correo: dirigido a SILVANA CLAUDIA BIGLIA, C\/Maia n77, Denia, Alicante, 03700. Para ejercer dichos derechos y en cumplimiento de la Instrucci\u00f3n 1\/1998, de 19 de enero, de la Agencia Espa\u00f1ola de Protecci\u00f3n de Datos, es necesario que usted acredite su personalidad frente a SILVANA CLAUDIA BIGLIA mediante el env\u00edo de fotocopia de Documento Nacional de Identidad o cualquier otro medio v\u00e1lido en Derecho.<\/p>\n<h3><strong>MEDIDAS DE SEGURIDAD INFORM\u00c1TICA<\/strong><\/h3>\n<p>SILVANA CLAUDIA BIGLIA ha adoptado los niveles de seguridad de protecci\u00f3n de los Datos Personales legalmente requeridos y recogidos en el RD 1720\/2007. No obstante, disponemos de otros medios adicionales, como son firewalls de \u00faltima generaci\u00f3n, aparte de medidas t\u00e9cnicas como software para la encriptaci\u00f3n de la informaci\u00f3n confidencial y control de acceso a la informaci\u00f3n de car\u00e1cter personal, usuarios restringidos, pol\u00edticas de seguridad, usuarios y contrase\u00f1as que caducan seg\u00fan exige la LOPD, y otros sistemas orientados a evitar el mal uso, alteraci\u00f3n, acceso no autorizado y robo de los Datos Personales facilitados SILVANA CLAUDIA BIGLIA.<\/p>\n<p>SILVANA CLAUDIA BIGLIA no ser\u00e1 responsable de posibles da\u00f1os o perjuicios que se pudieran derivar de interferencias, omisiones, interrupciones, virus inform\u00e1ticos, aver\u00edas telef\u00f3nicas o desconexiones en el funcionamiento operativo de este sistema electr\u00f3nico, motivadas por causas ajenas a SILVANA CLAUDIA BIGLIA; de retrasos o bloqueos en el uso del presente sistema electr\u00f3nico causados por deficiencias o sobrecargas de l\u00edneas telef\u00f3nicas, en el sistema de Internet o en otros sistemas electr\u00f3nicos, as\u00ed como de da\u00f1os que puedan ser causados por terceras personas mediante intromisiones ileg\u00edtimas fuera del control de SILVANA CLAUDIA BIGLIA.<\/p>\n<h3><strong>ACEPTACI\u00d3N Y CONSENTIMIENTO<\/strong><\/h3>\n<p>El Usuario declara haber sido informado de las condiciones sobre protecci\u00f3n de datos de car\u00e1cter personal, aceptando y consintiendo el tratamiento de los mismos por parte de SILVANA CLAUDIA BIGLIA, en la forma y para las finalidades indicadas en la presente Pol\u00edtica de Protecci\u00f3n de Datos Personales.<\/p>\n<p><!-- \/wp:paragraph --><\/p>\t\t\t\t\t\t<\/div>\n\t\t\t\t<\/div>\n\t\t\t\t\t<\/div>\n\t\t\t\t<\/div>\n\t\t\t\t\t\t\t<\/div>\n\t\t","protected":false},"excerpt":{"rendered":"<p>POL\u00cdTICA DE PRIVACIDAD A efecto de lo previsto en la Ley Org\u00e1nica 15\/1999, de 13 de diciembre, de Protecci\u00f3n de Datos de Car\u00e1cter Personal, SILVANA CLAUDIA BIGLIA (X3773207B) informa al Usuario de la existencia de un fichero con datos de car\u00e1cter personal inscrito en el R.G.P.D. (Registro General de Protecci\u00f3n de Datos), creado con la [&hellip;]<\/p>\n","protected":false},"author":4,"featured_media":0,"parent":0,"menu_order":0,"comment_status":"closed","ping_status":"closed","template":"","meta":{"footnotes":""},"yoast_head":"<!-- This site is optimized with the Yoast SEO plugin v21.7 - https:\/\/yoast.com\/wordpress\/plugins\/seo\/ -->\n<title>Pol\u00edtica de Privacidad - Biglia Consulting<\/title>\n<meta name=\"robots\" content=\"noindex, follow, max-snippet:-1, max-image-preview:large, max-video-preview:-1\" \/>\n<meta property=\"og:locale\" content=\"es_ES\" \/>\n<meta property=\"og:type\" content=\"article\" \/>\n<meta property=\"og:title\" content=\"Pol\u00edtica de Privacidad - Biglia Consulting\" \/>\n<meta property=\"og:description\" content=\"POL\u00cdTICA DE PRIVACIDAD A efecto de lo previsto en la Ley Org\u00e1nica 15\/1999, de 13 de diciembre, de Protecci\u00f3n de Datos de Car\u00e1cter Personal, SILVANA CLAUDIA BIGLIA (X3773207B) informa al Usuario de la existencia de un fichero con datos de car\u00e1cter personal inscrito en el R.G.P.D. (Registro General de Protecci\u00f3n de Datos), creado con la [&hellip;]\" \/>\n<meta property=\"og:url\" content=\"https:\/\/bigliaconsulting.com\/index.php\/politica-de-privacidad\/\" \/>\n<meta property=\"og:site_name\" content=\"Biglia Consulting\" \/>\n<meta property=\"article:modified_time\" content=\"2025-02-07T11:19:30+00:00\" \/>\n<meta name=\"twitter:card\" content=\"summary_large_image\" \/>\n<meta name=\"twitter:label1\" content=\"Tiempo de lectura\" \/>\n\t<meta name=\"twitter:data1\" content=\"4 minutos\" \/>\n<script type=\"application\/ld+json\" class=\"yoast-schema-graph\">{\"@context\":\"https:\/\/schema.org\",\"@graph\":[{\"@type\":\"WebPage\",\"@id\":\"https:\/\/bigliaconsulting.com\/index.php\/politica-de-privacidad\/\",\"url\":\"https:\/\/bigliaconsulting.com\/index.php\/politica-de-privacidad\/\",\"name\":\"Pol\u00edtica de Privacidad - Biglia Consulting\",\"isPartOf\":{\"@id\":\"https:\/\/bigliaconsulting.com\/#website\"},\"datePublished\":\"2025-02-07T08:52:52+00:00\",\"dateModified\":\"2025-02-07T11:19:30+00:00\",\"breadcrumb\":{\"@id\":\"https:\/\/bigliaconsulting.com\/index.php\/politica-de-privacidad\/#breadcrumb\"},\"inLanguage\":\"es\",\"potentialAction\":[{\"@type\":\"ReadAction\",\"target\":[\"https:\/\/bigliaconsulting.com\/index.php\/politica-de-privacidad\/\"]}]},{\"@type\":\"BreadcrumbList\",\"@id\":\"https:\/\/bigliaconsulting.com\/index.php\/politica-de-privacidad\/#breadcrumb\",\"itemListElement\":[{\"@type\":\"ListItem\",\"position\":1,\"name\":\"Portada\",\"item\":\"https:\/\/bigliaconsulting.com\/\"},{\"@type\":\"ListItem\",\"position\":2,\"name\":\"Pol\u00edtica de Privacidad\"}]},{\"@type\":\"WebSite\",\"@id\":\"https:\/\/bigliaconsulting.com\/#website\",\"url\":\"https:\/\/bigliaconsulting.com\/\",\"name\":\"Biglia Consulting\",\"description\":\"inversi\u00f3n para empresas\",\"publisher\":{\"@id\":\"https:\/\/bigliaconsulting.com\/#organization\"},\"potentialAction\":[{\"@type\":\"SearchAction\",\"target\":{\"@type\":\"EntryPoint\",\"urlTemplate\":\"https:\/\/bigliaconsulting.com\/?s={search_term_string}\"},\"query-input\":\"required name=search_term_string\"}],\"inLanguage\":\"es\"},{\"@type\":\"Organization\",\"@id\":\"https:\/\/bigliaconsulting.com\/#organization\",\"name\":\"Biglia Consulting\",\"url\":\"https:\/\/bigliaconsulting.com\/\",\"logo\":{\"@type\":\"ImageObject\",\"inLanguage\":\"es\",\"@id\":\"https:\/\/bigliaconsulting.com\/#\/schema\/logo\/image\/\",\"url\":\"https:\/\/bigliaconsulting.com\/wp-content\/uploads\/2023\/12\/LOGO.svg\",\"contentUrl\":\"https:\/\/bigliaconsulting.com\/wp-content\/uploads\/2023\/12\/LOGO.svg\",\"width\":350,\"height\":100,\"caption\":\"Biglia Consulting\"},\"image\":{\"@id\":\"https:\/\/bigliaconsulting.com\/#\/schema\/logo\/image\/\"}}]}<\/script>\n<!-- \/ Yoast SEO plugin. -->","yoast_head_json":{"title":"Pol\u00edtica de Privacidad - Biglia Consulting","robots":{"index":"noindex","follow":"follow","max-snippet":"max-snippet:-1","max-image-preview":"max-image-preview:large","max-video-preview":"max-video-preview:-1"},"og_locale":"es_ES","og_type":"article","og_title":"Pol\u00edtica de Privacidad - Biglia Consulting","og_description":"POL\u00cdTICA DE PRIVACIDAD A efecto de lo previsto en la Ley Org\u00e1nica 15\/1999, de 13 de diciembre, de Protecci\u00f3n de Datos de Car\u00e1cter Personal, SILVANA CLAUDIA BIGLIA (X3773207B) informa al Usuario de la existencia de un fichero con datos de car\u00e1cter personal inscrito en el R.G.P.D. (Registro General de Protecci\u00f3n de Datos), creado con la [&hellip;]","og_url":"https:\/\/bigliaconsulting.com\/index.php\/politica-de-privacidad\/","og_site_name":"Biglia Consulting","article_modified_time":"2025-02-07T11:19:30+00:00","twitter_card":"summary_large_image","twitter_misc":{"Tiempo de lectura":"4 minutos"},"schema":{"@context":"https:\/\/schema.org","@graph":[{"@type":"WebPage","@id":"https:\/\/bigliaconsulting.com\/index.php\/politica-de-privacidad\/","url":"https:\/\/bigliaconsulting.com\/index.php\/politica-de-privacidad\/","name":"Pol\u00edtica de Privacidad - Biglia Consulting","isPartOf":{"@id":"https:\/\/bigliaconsulting.com\/#website"},"datePublished":"2025-02-07T08:52:52+00:00","dateModified":"2025-02-07T11:19:30+00:00","breadcrumb":{"@id":"https:\/\/bigliaconsulting.com\/index.php\/politica-de-privacidad\/#breadcrumb"},"inLanguage":"es","potentialAction":[{"@type":"ReadAction","target":["https:\/\/bigliaconsulting.com\/index.php\/politica-de-privacidad\/"]}]},{"@type":"BreadcrumbList","@id":"https:\/\/bigliaconsulting.com\/index.php\/politica-de-privacidad\/#breadcrumb","itemListElement":[{"@type":"ListItem","position":1,"name":"Portada","item":"https:\/\/bigliaconsulting.com\/"},{"@type":"ListItem","position":2,"name":"Pol\u00edtica de Privacidad"}]},{"@type":"WebSite","@id":"https:\/\/bigliaconsulting.com\/#website","url":"https:\/\/bigliaconsulting.com\/","name":"Biglia Consulting","description":"inversi\u00f3n para empresas","publisher":{"@id":"https:\/\/bigliaconsulting.com\/#organization"},"potentialAction":[{"@type":"SearchAction","target":{"@type":"EntryPoint","urlTemplate":"https:\/\/bigliaconsulting.com\/?s={search_term_string}"},"query-input":"required name=search_term_string"}],"inLanguage":"es"},{"@type":"Organization","@id":"https:\/\/bigliaconsulting.com\/#organization","name":"Biglia Consulting","url":"https:\/\/bigliaconsulting.com\/","logo":{"@type":"ImageObject","inLanguage":"es","@id":"https:\/\/bigliaconsulting.com\/#\/schema\/logo\/image\/","url":"https:\/\/bigliaconsulting.com\/wp-content\/uploads\/2023\/12\/LOGO.svg","contentUrl":"https:\/\/bigliaconsulting.com\/wp-content\/uploads\/2023\/12\/LOGO.svg","width":350,"height":100,"caption":"Biglia Consulting"},"image":{"@id":"https:\/\/bigliaconsulting.com\/#\/schema\/logo\/image\/"}}]}},"_links":{"self":[{"href":"https:\/\/bigliaconsulting.com\/index.php\/wp-json\/wp\/v2\/pages\/559"}],"collection":[{"href":"https:\/\/bigliaconsulting.com\/index.php\/wp-json\/wp\/v2\/pages"}],"about":[{"href":"https:\/\/bigliaconsulting.com\/index.php\/wp-json\/wp\/v2\/types\/page"}],"author":[{"embeddable":true,"href":"https:\/\/bigliaconsulting.com\/index.php\/wp-json\/wp\/v2\/users\/4"}],"replies":[{"embeddable":true,"href":"https:\/\/bigliaconsulting.com\/index.php\/wp-json\/wp\/v2\/comments?post=559"}],"version-history":[{"count":6,"href":"https:\/\/bigliaconsulting.com\/index.php\/wp-json\/wp\/v2\/pages\/559\/revisions"}],"predecessor-version":[{"id":673,"href":"https:\/\/bigliaconsulting.com\/index.php\/wp-json\/wp\/v2\/pages\/559\/revisions\/673"}],"wp:attachment":[{"href":"https:\/\/bigliaconsulting.com\/index.php\/wp-json\/wp\/v2\/media?parent=559"}],"curies":[{"name":"wp","href":"https:\/\/api.w.org\/{rel}","templated":true}]}}